{"id":180,"date":"2018-02-06T14:57:36","date_gmt":"2018-02-06T14:57:36","guid":{"rendered":"http:\/\/bridge154.qodeinteractive.com\/?page_id=180"},"modified":"2021-05-14T17:06:03","modified_gmt":"2021-05-14T17:06:03","slug":"contacto","status":"publish","type":"page","link":"http:\/\/grasso-lasalle.com\/web\/contacto\/","title":{"rendered":"Contacto"},"content":{"rendered":"<p>[vc_row css_animation=\u00bb\u00bb row_type=\u00bbrow\u00bb use_row_as_full_screen_section=\u00bbno\u00bb type=\u00bbgrid\u00bb angled_section=\u00bbno\u00bb text_align=\u00bbleft\u00bb background_image_as_pattern=\u00bbwithout_pattern\u00bb css=\u00bb.vc_custom_1518098847505{padding-top: 63px !important;padding-bottom: 40px !important;background-image: url(http:\/\/bridge154.qodeinteractive.com\/wp-content\/uploads\/2018\/02\/contact-background-img.jpg?id=226) !important;background-position: center !important;background-repeat: no-repeat !important;background-size: cover !important;}\u00bb z_index=\u00bb\u00bb][vc_column offset=\u00bbvc_col-md-5&#8243;][qode_elements_holder number_of_columns=\u00bbtwo_columns\u00bb columns_proportion=\u00bb33_66&#8243;][qode_elements_holder_item advanced_animations=\u00bbno\u00bb item_padding=\u00bb60px 30% 0px 0px\u00bb item_padding_1280_1440=\u00bb40px 30% 0px 0px\u00bb item_padding_1024_1280=\u00bb40px 3% 60px 0px\u00bb item_padding_768_1024=\u00bb65px 0% 0px 0px\u00bb item_padding_600_768=\u00bb130px 22% 0px 0px\u00bb item_padding_480_600=\u00bb0px\u00bb item_padding_480=\u00bb0px\u00bb][vc_column_text]<\/p>\n<h3>Contacto<\/h3>\n<p>[\/vc_column_text][vc_column_text]<\/p>\n<h1>Estudio<\/h1>\n<p>[\/vc_column_text][vc_empty_space height=\u00bb42px\u00bb][vc_column_text]Somos un estudio que brinda servicios profesionales en arquitectura, dise\u00f1o, gesti\u00f3n de proyectos y direcci\u00f3n de obras, tanto para residencias privadas como locales comerciales.[\/vc_column_text][vc_empty_space height=\u00bb31px\u00bb][\/qode_elements_holder_item][\/qode_elements_holder][\/vc_column][vc_column offset=\u00bbvc_col-md-7&#8243;][vc_column_text]<\/p>\n<h5>Completa el formulario y a la brevedad te contactaremos.<\/h5>\n<p>[\/vc_column_text][vc_empty_space]<div role=\"form\" class=\"wpcf7\" id=\"wpcf7-f232-o1\" lang=\"en-US\" dir=\"ltr\">\n<div class=\"screen-reader-response\"><p role=\"status\" aria-live=\"polite\" aria-atomic=\"true\"><\/p> <ul><\/ul><\/div>\n<form action=\"\/web\/wp-json\/wp\/v2\/pages\/180#wpcf7-f232-o1\" method=\"post\" class=\"wpcf7-form init cf7_custom_style_1\" novalidate=\"novalidate\" data-status=\"init\">\n<div style=\"display: none;\">\n<input type=\"hidden\" name=\"_wpcf7\" value=\"232\" \/>\n<input type=\"hidden\" name=\"_wpcf7_version\" value=\"5.3.2\" \/>\n<input type=\"hidden\" name=\"_wpcf7_locale\" value=\"en_US\" \/>\n<input type=\"hidden\" name=\"_wpcf7_unit_tag\" value=\"wpcf7-f232-o1\" \/>\n<input type=\"hidden\" name=\"_wpcf7_container_post\" value=\"0\" \/>\n<input type=\"hidden\" name=\"_wpcf7_posted_data_hash\" value=\"\" \/>\n<\/div>\n<div>   <span class=\"wpcf7-form-control-wrap nombre\"><input type=\"text\" name=\"nombre\" value=\"\" size=\"40\" class=\"wpcf7-form-control wpcf7-text\" aria-invalid=\"false\" placeholder=\"Nombre\" \/><\/span><\/div>\n<div class=\"two_columns_50_50 clearfix\">\n<div class=\"column1\">\n<div class=\"column_inner\">\n   <span class=\"wpcf7-form-control-wrap email\"><input type=\"text\" name=\"email\" value=\"\" size=\"40\" class=\"wpcf7-form-control wpcf7-text\" aria-invalid=\"false\" placeholder=\"\u0415-mail*\" \/><\/span>\n  <\/div><\/div>\n<div class=\"column2\">\n<div class=\"column_inner\">\n   <span class=\"wpcf7-form-control-wrap telefono\"><input type=\"text\" name=\"telefono\" value=\"\" size=\"40\" class=\"wpcf7-form-control wpcf7-text\" aria-invalid=\"false\" placeholder=\"Tel\u00e9fono*\" \/><\/span>\n  <\/div><\/div>\n<\/div>\n<div><span class=\"wpcf7-form-control-wrap mensaje\"><textarea name=\"mensaje\" cols=\"40\" rows=\"10\" class=\"wpcf7-form-control wpcf7-textarea wpcf7-validates-as-required\" aria-required=\"true\" aria-invalid=\"false\" placeholder=\"Mensaje*\"><\/textarea><\/span><\/div>\n<div style=\"text-align:left\"><input type=\"submit\" value=\"Enviar\" class=\"wpcf7-form-control wpcf7-submit\" \/><\/div>\n<div class=\"wpcf7-response-output\" aria-hidden=\"true\"><\/div><\/form><\/div>[\/vc_column][\/vc_row][vc_row css_animation=\u00bb\u00bb row_type=\u00bbrow\u00bb use_row_as_full_screen_section=\u00bbno\u00bb type=\u00bbfull_width\u00bb angled_section=\u00bbno\u00bb text_align=\u00bbleft\u00bb background_image_as_pattern=\u00bbwithout_pattern\u00bb][vc_column][vc_empty_space height=\u00bb64px\u00bb][\/vc_column][\/vc_row]<\/p>\n","protected":false},"excerpt":{"rendered":"<p>[vc_row css_animation=\u00bb\u00bb row_type=\u00bbrow\u00bb use_row_as_full_screen_section=\u00bbno\u00bb type=\u00bbgrid\u00bb angled_section=\u00bbno\u00bb text_align=\u00bbleft\u00bb background_image_as_pattern=\u00bbwithout_pattern\u00bb css=\u00bb.vc_custom_1518098847505{padding-top: 63px !important;padding-bottom: 40px !important;background-image: url(http:\/\/bridge154.qodeinteractive.com\/wp-content\/uploads\/2018\/02\/contact-background-img.jpg?id=226) !important;background-position: center !important;background-repeat: no-repeat !important;background-size: cover !important;}\u00bb z_index=\u00bb\u00bb][vc_column offset=\u00bbvc_col-md-5&#8243;][qode_elements_holder number_of_columns=\u00bbtwo_columns\u00bb columns_proportion=\u00bb33_66&#8243;][qode_elements_holder_item advanced_animations=\u00bbno\u00bb item_padding=\u00bb60px 30% 0px 0px\u00bb item_padding_1280_1440=\u00bb40px 30% 0px 0px\u00bb item_padding_1024_1280=\u00bb40px 3% 60px 0px\u00bb item_padding_768_1024=\u00bb65px 0% 0px 0px\u00bb item_padding_600_768=\u00bb130px 22% 0px&#8230;<\/p>\n","protected":false},"author":1,"featured_media":0,"parent":0,"menu_order":0,"comment_status":"closed","ping_status":"open","template":"full_width.php","meta":[],"_links":{"self":[{"href":"http:\/\/grasso-lasalle.com\/web\/wp-json\/wp\/v2\/pages\/180"}],"collection":[{"href":"http:\/\/grasso-lasalle.com\/web\/wp-json\/wp\/v2\/pages"}],"about":[{"href":"http:\/\/grasso-lasalle.com\/web\/wp-json\/wp\/v2\/types\/page"}],"author":[{"embeddable":true,"href":"http:\/\/grasso-lasalle.com\/web\/wp-json\/wp\/v2\/users\/1"}],"replies":[{"embeddable":true,"href":"http:\/\/grasso-lasalle.com\/web\/wp-json\/wp\/v2\/comments?post=180"}],"version-history":[{"count":14,"href":"http:\/\/grasso-lasalle.com\/web\/wp-json\/wp\/v2\/pages\/180\/revisions"}],"predecessor-version":[{"id":1200,"href":"http:\/\/grasso-lasalle.com\/web\/wp-json\/wp\/v2\/pages\/180\/revisions\/1200"}],"wp:attachment":[{"href":"http:\/\/grasso-lasalle.com\/web\/wp-json\/wp\/v2\/media?parent=180"}],"curies":[{"name":"wp","href":"https:\/\/api.w.org\/{rel}","templated":true}]}}