{"id":310,"date":"2018-02-09T09:32:41","date_gmt":"2018-02-09T09:32:41","guid":{"rendered":"http:\/\/bridge154.qodeinteractive.com\/?page_id=310"},"modified":"2021-05-13T15:17:30","modified_gmt":"2021-05-13T15:17:30","slug":"nuestro-equipo","status":"publish","type":"page","link":"http:\/\/grasso-lasalle.com\/web\/nuestro-equipo\/","title":{"rendered":"Nuestro equipo"},"content":{"rendered":"<p>[vc_row css_animation=\u00bb\u00bb row_type=\u00bbrow\u00bb use_row_as_full_screen_section=\u00bbno\u00bb type=\u00bbgrid\u00bb angled_section=\u00bbno\u00bb text_align=\u00bbleft\u00bb background_image_as_pattern=\u00bbwithout_pattern\u00bb z_index=\u00bb\u00bb css=\u00bb.vc_custom_1518103815281{padding-top: 60px !important;padding-bottom: 60px !important;}\u00bb][vc_column width=\u00bb1\/2&#8243; css=\u00bb.vc_custom_1619394870066{background-image: url(http:\/\/grasso-lasalle.com\/web\/wp-content\/uploads\/2018\/02\/team-member-background.jpg?id=281) !important;background-position: center !important;background-repeat: no-repeat !important;background-size: cover !important;}\u00bb][qode_elements_holder number_of_columns=\u00bbtwo_columns\u00bb][qode_elements_holder_item advanced_animations=\u00bbno\u00bb item_padding=\u00bb0px 0px 85px 5%\u00bb item_padding_480_600=\u00bb0px 0px 0px 5%\u00bb item_padding_480=\u00bb0px 0px 0px 5%\u00bb][vc_single_image image=\u00bb837&#8243; img_size=\u00bbfull\u00bb qode_css_animation=\u00bb\u00bb][vc_empty_space height=\u00bb35px\u00bb][\/qode_elements_holder_item][qode_elements_holder_item advanced_animations=\u00bbno\u00bb item_padding=\u00bb0px 5% 11px 0px\u00bb item_padding_768_1024=\u00bb0px 0% 30px 35px\u00bb item_padding_600_768=\u00bb0px 0% 120px 0px\u00bb item_padding_480_600=\u00bb40px 0% 120px 5%\u00bb item_padding_480=\u00bb40px 0% 120px 5%\u00bb][vc_column_text]<\/p>\n<h3>Arquitecta<\/h3>\n<p>[\/vc_column_text][vc_column_text]<\/p>\n<h1>Mariela<br \/>\nLasalle<\/h1>\n<p>[\/vc_column_text][vc_empty_space height=\u00bb37px\u00bb][vc_column_text]<strong>Formaci\u00f3n Arquitecta:<\/strong><br \/>\nEgresada de la Universidad de la Rep\u00fablica Facultad de Arquitectura a\u00f1o 1998. Arquitectura, planificaci\u00f3n, dise\u00f1o y urbanismo,<\/p>\n<p><strong>Actividad:<\/strong><br \/>\nEstudio de Arquitectura. Desarrollo y asesoramiento en proyectos de: viviendas unifamiliares, colectivas, planeamiento, locales comerciales y reciclajes.[\/vc_column_text][vc_empty_space height=\u00bb60px\u00bb]<a  itemprop=\"url\" href=\"mailto:mariela@grasso-lasalle.com\" target=\"_self\"  class=\"qbutton  default\" style=\"\">Contacto<\/a>[\/qode_elements_holder_item][\/qode_elements_holder][\/vc_column][vc_column width=\u00bb1\/2&#8243; css=\u00bb.vc_custom_1619394942369{background-image: url(http:\/\/grasso-lasalle.com\/web\/wp-content\/uploads\/2018\/02\/team-member-background.jpg?id=281) !important;background-position: center !important;background-repeat: no-repeat !important;background-size: cover !important;}\u00bb][qode_elements_holder number_of_columns=\u00bbtwo_columns\u00bb][qode_elements_holder_item advanced_animations=\u00bbno\u00bb item_padding=\u00bb0px 0px 85px 5%\u00bb item_padding_480_600=\u00bb0px 0px 0px 5%\u00bb item_padding_480=\u00bb0px 0px 0px 5%\u00bb][vc_single_image image=\u00bb839&#8243; img_size=\u00bbfull\u00bb qode_css_animation=\u00bb\u00bb][vc_empty_space height=\u00bb35px\u00bb][\/qode_elements_holder_item][qode_elements_holder_item advanced_animations=\u00bbno\u00bb item_padding=\u00bb0px 5% 11px 0px\u00bb item_padding_768_1024=\u00bb0px 0% 30px 35px\u00bb item_padding_600_768=\u00bb0px 0% 120px 0px\u00bb item_padding_480_600=\u00bb40px 0% 120px 5%\u00bb item_padding_480=\u00bb40px 0% 120px 5%\u00bb][vc_column_text]<\/p>\n<h3>Arquitect0<\/h3>\n<p>[\/vc_column_text][vc_column_text]<\/p>\n<h1>Fernando<br \/>\nGrasso<\/h1>\n<p>[\/vc_column_text][vc_empty_space height=\u00bb37px\u00bb][vc_column_text]<strong>Formaci\u00f3n Arquitecta:<\/strong><br \/>\nEgresado de la Universidad de la Rep\u00fablica Facultad de Arquitectura a\u00f1o 1995. Arquitectura, planificaci\u00f3n, dise\u00f1o y urbanismo,<\/p>\n<p><strong>Actividad:<\/strong><br \/>\nEstudio de Arquitectura. Desarrollo y asesoramiento en proyectos de: viviendas unifamiliares, colectivas, planeamiento, locales comerciales y reciclajes.[\/vc_column_text][vc_empty_space height=\u00bb60px\u00bb]<a  itemprop=\"url\" href=\"mailto:mariela@grasso-lasalle.com\" target=\"_self\"  class=\"qbutton  default\" style=\"\">Contacto<\/a>[\/qode_elements_holder_item][\/qode_elements_holder][\/vc_column][\/vc_row][vc_row css_animation=\u00bb\u00bb row_type=\u00bbrow\u00bb use_row_as_full_screen_section=\u00bbno\u00bb type=\u00bbgrid\u00bb angled_section=\u00bbno\u00bb text_align=\u00bbleft\u00bb background_image_as_pattern=\u00bbwithout_pattern\u00bb css=\u00bb.vc_custom_1518168653764{padding-top: 15px !important;padding-bottom: 15px !important;background-image: url(http:\/\/bridge154.qodeinteractive.com\/wp-content\/uploads\/2018\/02\/home-background-img-2.jpg?id=117) !important;background-position: center !important;background-repeat: no-repeat !important;background-size: cover !important;}\u00bb z_index=\u00bb\u00bb][vc_column offset=\u00bbvc_col-md-4&#8243;][qode_elements_holder number_of_columns=\u00bbone_column\u00bb][qode_elements_holder_item advanced_animations=\u00bbno\u00bb item_padding=\u00bb83px 24% 60px 0px\u00bb item_padding_768_1024=\u00bb83px 0% 60px 0px\u00bb item_padding_600_768=\u00bb140px 25% 60px 0px\u00bb item_padding_480_600=\u00bb0px 0% 60px 0%\u00bb item_padding_480=\u00bb90px 0% 60px 0%\u00bb][vc_column_text]<\/p>\n<h3>Imaginamos y creamos<\/h3>\n<p>[\/vc_column_text][vc_column_text]<\/p>\n<h1>Innovaci\u00f3n<\/h1>\n<p>[\/vc_column_text][vc_empty_space][vc_column_text]Somos un estudio que brinda servicios profesionales en arquitectura, dise\u00f1o, gesti\u00f3n de proyectos y direcci\u00f3n de obras, tanto para residencias privadas como locales comerciales.[\/vc_column_text][vc_empty_space height=\u00bb42px\u00bb]<a  itemprop=\"url\" href=\"http:\/\/grasso-lasalle.com\/web\/nuestros-proyectos\/\" target=\"_self\"  class=\"qbutton  default\" style=\"\">Conoce nuestros proyectos<\/a>[\/qode_elements_holder_item][\/qode_elements_holder][\/vc_column][vc_column offset=\u00bbvc_col-md-8&#8243;][qode_elements_holder number_of_columns=\u00bbone_column\u00bb][qode_elements_holder_item advanced_animations=\u00bbno\u00bb item_padding=\u00bb0px 0px 60px\u00bb item_padding_600_768=\u00bb0px 0px 90px\u00bb][vc_single_image image=\u00bb1389&#8243; img_size=\u00bbfull\u00bb alignment=\u00bbright\u00bb qode_css_animation=\u00bb\u00bb][vc_empty_space height=\u00bb22px\u00bb][vc_column_text css=\u00bb.vc_custom_1613432232805{padding-left: 30px !important;}\u00bb]Nuestra extensa experiencia trabajando en equipo es nuestro valor.[\/vc_column_text][\/qode_elements_holder_item][\/qode_elements_holder][\/vc_column][\/vc_row]<\/p>\n","protected":false},"excerpt":{"rendered":"<p>[vc_row css_animation=\u00bb\u00bb row_type=\u00bbrow\u00bb use_row_as_full_screen_section=\u00bbno\u00bb type=\u00bbgrid\u00bb angled_section=\u00bbno\u00bb text_align=\u00bbleft\u00bb background_image_as_pattern=\u00bbwithout_pattern\u00bb z_index=\u00bb\u00bb css=\u00bb.vc_custom_1518103815281{padding-top: 60px !important;padding-bottom: 60px !important;}\u00bb][vc_column width=\u00bb1\/2&#8243; css=\u00bb.vc_custom_1619394870066{background-image: url(http:\/\/grasso-lasalle.com\/web\/wp-content\/uploads\/2018\/02\/team-member-background.jpg?id=281) !important;background-position: center !important;background-repeat: no-repeat !important;background-size: cover !important;}\u00bb][qode_elements_holder number_of_columns=\u00bbtwo_columns\u00bb][qode_elements_holder_item advanced_animations=\u00bbno\u00bb item_padding=\u00bb0px 0px 85px 5%\u00bb item_padding_480_600=\u00bb0px 0px 0px 5%\u00bb item_padding_480=\u00bb0px 0px 0px 5%\u00bb][vc_single_image image=\u00bb837&#8243; img_size=\u00bbfull\u00bb qode_css_animation=\u00bb\u00bb][vc_empty_space height=\u00bb35px\u00bb][\/qode_elements_holder_item][qode_elements_holder_item advanced_animations=\u00bbno\u00bb item_padding=\u00bb0px 5%&#8230;<\/p>\n","protected":false},"author":1,"featured_media":0,"parent":0,"menu_order":0,"comment_status":"closed","ping_status":"open","template":"full_width.php","meta":[],"_links":{"self":[{"href":"http:\/\/grasso-lasalle.com\/web\/wp-json\/wp\/v2\/pages\/310"}],"collection":[{"href":"http:\/\/grasso-lasalle.com\/web\/wp-json\/wp\/v2\/pages"}],"about":[{"href":"http:\/\/grasso-lasalle.com\/web\/wp-json\/wp\/v2\/types\/page"}],"author":[{"embeddable":true,"href":"http:\/\/grasso-lasalle.com\/web\/wp-json\/wp\/v2\/users\/1"}],"replies":[{"embeddable":true,"href":"http:\/\/grasso-lasalle.com\/web\/wp-json\/wp\/v2\/comments?post=310"}],"version-history":[{"count":31,"href":"http:\/\/grasso-lasalle.com\/web\/wp-json\/wp\/v2\/pages\/310\/revisions"}],"predecessor-version":[{"id":1390,"href":"http:\/\/grasso-lasalle.com\/web\/wp-json\/wp\/v2\/pages\/310\/revisions\/1390"}],"wp:attachment":[{"href":"http:\/\/grasso-lasalle.com\/web\/wp-json\/wp\/v2\/media?parent=310"}],"curies":[{"name":"wp","href":"https:\/\/api.w.org\/{rel}","templated":true}]}}