{"id":946,"date":"2021-04-21T23:42:10","date_gmt":"2021-04-21T23:42:10","guid":{"rendered":"http:\/\/grasso-lasalle.com\/web\/home-2-2-copy\/"},"modified":"2021-05-14T13:24:10","modified_gmt":"2021-05-14T13:24:10","slug":"home","status":"publish","type":"page","link":"http:\/\/grasso-lasalle.com\/web\/","title":{"rendered":"Inicio"},"content":{"rendered":"<p>[vc_row css_animation=\u00bb\u00bb row_type=\u00bbrow\u00bb use_row_as_full_screen_section=\u00bbno\u00bb type=\u00bbfull_width\u00bb in_content_menu=\u00bbin_content_menu\u00bb content_menu_icon=\u00bb\u00bb angled_section=\u00bbno\u00bb text_align=\u00bbcenter\u00bb background_image_as_pattern=\u00bbwithout_pattern\u00bb css=\u00bb.vc_custom_1619387479162{padding-bottom: 32px !important;}\u00bb z_index=\u00bb\u00bb][vc_column][vc_empty_space height=\u00bb42px\u00bb][rev_slider_vc alias=\u00bbhome\u00bb][\/vc_column][\/vc_row][vc_row css_animation=\u00bb\u00bb row_type=\u00bbrow\u00bb use_row_as_full_screen_section=\u00bbno\u00bb type=\u00bbfull_width\u00bb angled_section=\u00bbno\u00bb text_align=\u00bbleft\u00bb background_image_as_pattern=\u00bbwithout_pattern\u00bb z_index=\u00bb\u00bb][vc_column width=\u00bb1\/2&#8243; css=\u00bb.vc_custom_1619113134354{margin-right: 5% !important;background-color: #c5836a !important;}\u00bb][vc_empty_space height=\u00bb48px\u00bb][vc_row_inner row_type=\u00bbrow\u00bb type=\u00bbfull_width\u00bb text_align=\u00bbleft\u00bb css_animation=\u00bb\u00bb css=\u00bb.vc_custom_1619359690670{margin-right: 5% !important;margin-left: 3% !important;padding-top: 32px !important;padding-bottom: 32px !important;}\u00bb][vc_column_inner width=\u00bb1\/2&#8243;]<span data-type=\"normal\" data-hover-icon-color=\"#ffffff\" class=\"qode_icon_shortcode  q_font_awsome_icon fa-5x pull-center q_icon_animation\" style=\" transition-delay: 200ms; -webkit-transition-delay: 200ms; -moz-transition-delay: 200ms; -o-transition-delay: 200ms;\"><i class=\"qodef-icon-linea-icon icon-basic-compass qode_icon_element\" style=\"color: #ffffff;\" ><\/i><\/span>[\/vc_column_inner][vc_column_inner width=\u00bb1\/2&#8243;][vc_column_text css=\u00bb.vc_custom_1619455085323{margin-right: 5% !important;}\u00bb]<\/p>\n<h5 style=\"text-align: right; color: #ffffff; font-size: 1.0em;\">Somos arquitectos con m\u00e1s de 25 a\u00f1os de experiencia en el dise\u00f1o y gesti\u00f3n de proyectos de arquitectura en Uruguay.<\/h5>\n<p>[\/vc_column_text]<span data-type=\"normal\"  class=\"qode_icon_shortcode  q_font_awsome_icon fa-3x pull-right q_icon_animation\" style=\"margin: 5%; transition-delay: 500ms; -webkit-transition-delay: 500ms; -moz-transition-delay: 500ms; -o-transition-delay: 500ms;\"><a  itemprop=\"url\" href=\"http:\/\/grasso-lasalle.com\/web\/nuestro-equipo\/\" target=\"_self\"><span aria-hidden=\"true\" class=\"qode_icon_font_elegant arrow_right qode_icon_element\" style=\"color: #ffffff;\" ><\/span><\/a><\/span>[\/vc_column_inner][\/vc_row_inner][vc_empty_space][\/vc_column][vc_column width=\u00bb1\/2&#8243; css=\u00bb.vc_custom_1619135305648{margin-left: 5% !important;padding-right: 5% !important;background-color: #949374 !important;}\u00bb][vc_empty_space height=\u00bb48px\u00bb][vc_row_inner row_type=\u00bbrow\u00bb type=\u00bbfull_width\u00bb text_align=\u00bbleft\u00bb css_animation=\u00bb\u00bb css=\u00bb.vc_custom_1619359999904{margin-right: 8% !important;padding-top: 32px !important;padding-bottom: 32px !important;}\u00bb][vc_column_inner width=\u00bb1\/2&#8243;]<span data-type=\"normal\"  class=\"qode_icon_shortcode  q_font_awsome_icon fa-5x pull-center \" style=\" \"><i class=\"qodef-icon-linea-icon icon-basic-pencil-ruler qode_icon_element\" style=\"color: #ffffff;\" ><\/i><\/span>[\/vc_column_inner][vc_column_inner width=\u00bb1\/2&#8243;][vc_column_text css=\u00bb.vc_custom_1620856350185{margin-right: 5% !important;}\u00bb]<\/p>\n<h5 style=\"text-align: right; color: #ffffff; font-size: 1.0em;\">Nos especializamos en la realizaci\u00f3n de residencias, locales comerciales y urbanizaciones.<\/h5>\n<p>[\/vc_column_text]<span data-type=\"normal\"  class=\"qode_icon_shortcode  q_font_awsome_icon fa-3x pull-right q_icon_animation\" style=\"margin: 5%; transition-delay: 500ms; -webkit-transition-delay: 500ms; -moz-transition-delay: 500ms; -o-transition-delay: 500ms;\"><a  itemprop=\"url\" href=\"http:\/\/grasso-lasalle.com\/web\/nuestro-equipo\/\" target=\"_self\"><span aria-hidden=\"true\" class=\"qode_icon_font_elegant arrow_right qode_icon_element\" style=\"color: #ffffff;\" ><\/span><\/a><\/span>[\/vc_column_inner][\/vc_row_inner][vc_empty_space][\/vc_column][\/vc_row][vc_row css_animation=\u00bb\u00bb row_type=\u00bbrow\u00bb use_row_as_full_screen_section=\u00bbno\u00bb type=\u00bbfull_width\u00bb angled_section=\u00bbno\u00bb text_align=\u00bbleft\u00bb background_image_as_pattern=\u00bbwithout_pattern\u00bb css=\u00bb.vc_custom_1619363549946{padding-top: 32px !important;padding-bottom: 64px !important;}\u00bb z_index=\u00bb\u00bb][vc_column][qode_elements_holder number_of_columns=\u00bbthree_columns\u00bb][qode_elements_holder_item advanced_animations=\u00bbno\u00bb item_padding=\u00bb0px 20% 0px 12%\u00bb item_padding_1280_1440=\u00bb0px 40% 0px 0%\u00bb item_padding_1024_1280=\u00bb0px 40% 0px 0%\u00bb item_padding_768_1024=\u00bb0px 30% 0px 0%\u00bb item_padding_600_768=\u00bb20px 52% 100px 12%\u00bb item_padding_480_600=\u00bb40px 21% 100px 12%\u00bb item_padding_480=\u00bb40px 21% 100px 12%\u00bb background_color=\u00bb#fafafa\u00bb][vc_column_text]<\/p>\n<h3>Nuestro<\/h3>\n<p>[\/vc_column_text][vc_column_text]<\/p>\n<h1>ESTUDIO<\/h1>\n<p>[\/vc_column_text][vc_empty_space height=\u00bb42px\u00bb][vc_column_text]<\/p>\n<ul>\n<li>Proyecto arquitect\u00f3nico ejecutivo<\/li>\n<li>Soluciones integrales<\/li>\n<li>Dise\u00f1o, suministros y montajes<\/li>\n<li>Construcci\u00f3n<\/li>\n<li>Asesoramiento llave en mano<\/li>\n<li>Control de contratos y subcontratos<\/li>\n<\/ul>\n<p>[\/vc_column_text][\/qode_elements_holder_item][qode_elements_holder_item advanced_animations=\u00bbno\u00bb background_image=\u00bb921&#8243; item_padding=\u00bb240px 0px\u00bb][\/qode_elements_holder_item][qode_elements_holder_item advanced_animations=\u00bbno\u00bb background_image=\u00bb907&#8243; item_padding=\u00bb240px 0px\u00bb][\/qode_elements_holder_item][\/qode_elements_holder][qode_elements_holder number_of_columns=\u00bbthree_columns\u00bb][qode_elements_holder_item advanced_animations=\u00bbno\u00bb background_image=\u00bb1270&#8243; item_padding=\u00bb240px 0px\u00bb][\/qode_elements_holder_item][qode_elements_holder_item advanced_animations=\u00bbno\u00bb background_image=\u00bb919&#8243; item_padding=\u00bb240px 0px\u00bb][\/qode_elements_holder_item][qode_elements_holder_item advanced_animations=\u00bbno\u00bb item_padding=\u00bb0px 40% 0px 12%\u00bb item_padding_1280_1440=\u00bb0px 40% 0px 0%\u00bb item_padding_1024_1280=\u00bb0px 40% 0px 0%\u00bb item_padding_768_1024=\u00bb0px 30% 0px 0%\u00bb item_padding_600_768=\u00bb20px 52% 100px 12%\u00bb item_padding_480_600=\u00bb40px 21% 100px 12%\u00bb item_padding_480=\u00bb40px 21% 100px 12%\u00bb background_color=\u00bb#f7f7f7&#8243;][vc_column_text]<\/p>\n<h3>Gerenciamiento de<\/h3>\n<p>[\/vc_column_text][vc_column_text]<\/p>\n<h1>PROYECTOS<\/h1>\n<p>[\/vc_column_text][vc_empty_space height=\u00bb42px\u00bb][vc_column_text]<\/p>\n<ul>\n<li>Gerenciamiento de obras<\/li>\n<li>Administraci\u00f3n de obras<\/li>\n<li>Cronogramas de obras<\/li>\n<li>Control de costos<\/li>\n<li>Control de manejo de contratos y subcontratos<\/li>\n<\/ul>\n<p>[\/vc_column_text][\/qode_elements_holder_item][\/qode_elements_holder][\/vc_column][\/vc_row][vc_row css_animation=\u00bb\u00bb row_type=\u00bbrow\u00bb use_row_as_full_screen_section=\u00bbno\u00bb type=\u00bbfull_width\u00bb angled_section=\u00bbno\u00bb text_align=\u00bbleft\u00bb background_image_as_pattern=\u00bbwithout_pattern\u00bb css=\u00bb.vc_custom_1619362417106{padding-top: 96px !important;padding-bottom: 64px !important;}\u00bb z_index=\u00bb\u00bb][vc_column width=\u00bb1\/3&#8243;][vc_empty_space]<div class='q_icon_with_title large circle center '><div class=\"icon_holder q_icon_animation\" style=\" \"><a itemprop=\"url\" href=\"http:\/\/grasso-lasalle.com\/web\/nuestros-proyectos-residencias\/\" target=\"\" class=\"q_icon_link\"><span data-icon-type=\"circle\"   class=\"qode_iwt_icon_holder fa-stack fa-4x  \" style=\"border-color: #ffffff;background-color: #6f6362;\"><i class=\"qodef-icon-linea-icon icon-basic-home qode_iwt_icon_element\" style=\"\" ><\/i><\/span><\/a><\/div><div class=\"icon_text_holder\" style=\"\"><div class=\"icon_text_inner\" style=\"\"><h2 class=\"icon_title\" style=\"\">Residencias<\/h2><p style=''>Proyectos viviendas unifamiliares y colectivas en sistemas tradicionales y mixtos<\/p><a itemprop='url' class='icon_with_title_link' href='http:\/\/grasso-lasalle.com\/web\/nuestros-proyectos-residencias\/' target='_self' style=''> <\/a><\/div><\/div><\/div>[\/vc_column][vc_column width=\u00bb1\/3&#8243;][vc_empty_space]<div class='q_icon_with_title large circle center '><div class=\"icon_holder q_icon_animation\" style=\" \"><a itemprop=\"url\" href=\"http:\/\/grasso-lasalle.com\/web\/nuestros-proyectos-locales-comerciales\" target=\"\" class=\"q_icon_link\"><span data-icon-type=\"circle\"   class=\"qode_iwt_icon_holder fa-stack fa-4x  \" style=\"border-color: #ffffff;background-color: #c5836a;\"><i class=\"qodef-icon-linea-icon icon-basic-map qode_iwt_icon_element\" style=\"\" ><\/i><\/span><\/a><\/div><div class=\"icon_text_holder\" style=\"\"><div class=\"icon_text_inner\" style=\"\"><h2 class=\"icon_title\" style=\"\">Locales comerciales<\/h2><p style=''>Sistemas tradicionales y mixtos<\/p><a itemprop='url' class='icon_with_title_link' href='http:\/\/grasso-lasalle.com\/web\/nuestros-proyectos-locales-comerciales' target='_self' style=''> <\/a><\/div><\/div><\/div>[\/vc_column][vc_column width=\u00bb1\/3&#8243;][vc_empty_space]<div class='q_icon_with_title large circle center '><div class=\"icon_holder q_icon_animation\" style=\" \"><a itemprop=\"url\" href=\"http:\/\/grasso-lasalle.com\/web\/nuestros-proyectos-urbanizacion\" target=\"\" class=\"q_icon_link\"><span data-icon-type=\"circle\"   class=\"qode_iwt_icon_holder fa-stack fa-4x  \" style=\"border-color: #ffffff;background-color: #949374;\"><i class=\"qodef-icon-linea-icon icon-arrows-squares qode_iwt_icon_element\" style=\"\" ><\/i><\/span><\/a><\/div><div class=\"icon_text_holder\" style=\"\"><div class=\"icon_text_inner\" style=\"\"><h2 class=\"icon_title\" style=\"\">Urbanizaciones<\/h2><p style=''>Desarrollo de barrios abiertos y cerrados, propiedad horizontal<\/p><a itemprop='url' class='icon_with_title_link' href='http:\/\/grasso-lasalle.com\/web\/nuestros-proyectos-urbanizacion' target='_self' style=''> <\/a><\/div><\/div><\/div>[\/vc_column][\/vc_row][vc_row row_type=\u00bbparallax\u00bb parallax_content_width=\u00bbin_grid\u00bb text_align=\u00bbcenter\u00bb full_screen_section_height=\u00bbno\u00bb background_image=\u00bb922&#8243; section_height=\u00bb600&#8243;][vc_column][vc_row_inner row_type=\u00bbrow\u00bb type=\u00bbfull_width\u00bb text_align=\u00bbleft\u00bb css_animation=\u00bb\u00bb][vc_column_inner css=\u00bb.vc_custom_1619365710546{padding-top: 320px !important;}\u00bb][vc_column_text]<\/p>\n<h1 style=\"text-align: left; color: #ffffff;\">Nuestros proyectos<\/h1>\n<p>[\/vc_column_text][vc_empty_space height=\u00bb24px\u00bb][vc_column_text]<\/p>\n<h5 style=\"text-align: left; color: #ffffff;\">Te mostramos nuestros \u00faltimos<br \/>\nproyectos realizados.<\/h5>\n<p>[\/vc_column_text][vc_empty_space height=\u00bb24px\u00bb]<a  itemprop=\"url\" href=\"http:\/\/grasso-lasalle.com\/web\/nuestros-proyectos-residencias\" target=\"_self\" data-hover-background-color='#000000' data-hover-border-color='#ffffff'  class=\"qbutton  large left white default\" style=\"margin: 0px 0px 1px 0px; background-color: rgba(0,0,0,0.01);\">Visitar la galer\u00eda<i class=\"qode_icon_font_awesome fa fa-arrow-right qode_button_icon_element\" style=\"\" ><\/i><\/a>[\/vc_column_inner][\/vc_row_inner][vc_empty_space height=\u00bb64px\u00bb][\/vc_column][\/vc_row][vc_row css_animation=\u00bb\u00bb row_type=\u00bbrow\u00bb use_row_as_full_screen_section=\u00bbno\u00bb type=\u00bbfull_width\u00bb angled_section=\u00bbno\u00bb text_align=\u00bbleft\u00bb background_image_as_pattern=\u00bbwithout_pattern\u00bb z_index=\u00bb\u00bb][vc_column width=\u00bb1\/4&#8243;][\/vc_column][vc_column width=\u00bb1\/2&#8243;][vc_empty_space height=\u00bb64px\u00bb][vc_column_text]<\/p>\n<h1>Nos gusta escucharte<\/h1>\n<h5>Completa el formulario y a la brevedad te contactaremos.<\/h5>\n<p>[\/vc_column_text][vc_empty_space][vc_empty_space]<div role=\"form\" class=\"wpcf7\" id=\"wpcf7-f7-o1\" lang=\"es-ES\" dir=\"ltr\">\n<div class=\"screen-reader-response\"><p role=\"status\" aria-live=\"polite\" aria-atomic=\"true\"><\/p> <ul><\/ul><\/div>\n<form action=\"\/web\/wp-json\/wp\/v2\/pages\/946#wpcf7-f7-o1\" method=\"post\" class=\"wpcf7-form init cf7_custom_style_1\" novalidate=\"novalidate\" data-status=\"init\">\n<div style=\"display: none;\">\n<input type=\"hidden\" name=\"_wpcf7\" value=\"7\" \/>\n<input type=\"hidden\" name=\"_wpcf7_version\" value=\"5.3.2\" \/>\n<input type=\"hidden\" name=\"_wpcf7_locale\" value=\"es_ES\" \/>\n<input type=\"hidden\" name=\"_wpcf7_unit_tag\" value=\"wpcf7-f7-o1\" \/>\n<input type=\"hidden\" name=\"_wpcf7_container_post\" value=\"0\" \/>\n<input type=\"hidden\" name=\"_wpcf7_posted_data_hash\" value=\"\" \/>\n<\/div>\n<p><label> Tu nombre<br \/>\n    <span class=\"wpcf7-form-control-wrap your-name\"><input type=\"text\" name=\"your-name\" value=\"\" size=\"40\" class=\"wpcf7-form-control wpcf7-text wpcf7-validates-as-required\" aria-required=\"true\" aria-invalid=\"false\" \/><\/span> <\/label><\/p>\n<p><label> Tu correo electr\u00f3nico<br \/>\n    <span class=\"wpcf7-form-control-wrap your-email\"><input type=\"email\" name=\"your-email\" value=\"\" size=\"40\" class=\"wpcf7-form-control wpcf7-text wpcf7-email wpcf7-validates-as-required wpcf7-validates-as-email\" aria-required=\"true\" aria-invalid=\"false\" \/><\/span> <\/label><\/p>\n<p><label> Asunto<br \/>\n    <span class=\"wpcf7-form-control-wrap your-subject\"><input type=\"text\" name=\"your-subject\" value=\"\" size=\"40\" class=\"wpcf7-form-control wpcf7-text wpcf7-validates-as-required\" aria-required=\"true\" aria-invalid=\"false\" \/><\/span> <\/label><\/p>\n<p><label> Tu mensaje (opcional)<br \/>\n    <span class=\"wpcf7-form-control-wrap your-message\"><textarea name=\"your-message\" cols=\"40\" rows=\"10\" class=\"wpcf7-form-control wpcf7-textarea\" aria-invalid=\"false\"><\/textarea><\/span> <\/label><\/p>\n<p><input type=\"submit\" value=\"Enviar\" class=\"wpcf7-form-control wpcf7-submit\" \/><\/p>\n<div class=\"wpcf7-response-output\" aria-hidden=\"true\"><\/div><\/form><\/div>[vc_empty_space height=\u00bb64px\u00bb][\/vc_column][vc_column width=\u00bb1\/4&#8243;][\/vc_column][\/vc_row]<\/p>\n","protected":false},"excerpt":{"rendered":"<p>[vc_row css_animation=\u00bb\u00bb row_type=\u00bbrow\u00bb use_row_as_full_screen_section=\u00bbno\u00bb type=\u00bbfull_width\u00bb in_content_menu=\u00bbin_content_menu\u00bb content_menu_icon=\u00bb\u00bb angled_section=\u00bbno\u00bb text_align=\u00bbcenter\u00bb background_image_as_pattern=\u00bbwithout_pattern\u00bb css=\u00bb.vc_custom_1619387479162{padding-bottom: 32px !important;}\u00bb z_index=\u00bb\u00bb][vc_column][vc_empty_space height=\u00bb42px\u00bb][rev_slider_vc alias=\u00bbhome\u00bb][\/vc_column][\/vc_row][vc_row css_animation=\u00bb\u00bb row_type=\u00bbrow\u00bb use_row_as_full_screen_section=\u00bbno\u00bb type=\u00bbfull_width\u00bb angled_section=\u00bbno\u00bb text_align=\u00bbleft\u00bb background_image_as_pattern=\u00bbwithout_pattern\u00bb z_index=\u00bb\u00bb][vc_column width=\u00bb1\/2&#8243; css=\u00bb.vc_custom_1619113134354{margin-right: 5% !important;background-color: #c5836a !important;}\u00bb][vc_empty_space height=\u00bb48px\u00bb][vc_row_inner row_type=\u00bbrow\u00bb type=\u00bbfull_width\u00bb text_align=\u00bbleft\u00bb css_animation=\u00bb\u00bb css=\u00bb.vc_custom_1619359690670{margin-right: 5% !important;margin-left: 3% !important;padding-top: 32px !important;padding-bottom: 32px !important;}\u00bb][vc_column_inner width=\u00bb1\/2&#8243;][\/vc_column_inner][vc_column_inner&#8230;<\/p>\n","protected":false},"author":1,"featured_media":0,"parent":0,"menu_order":0,"comment_status":"closed","ping_status":"closed","template":"full_width.php","meta":[],"_links":{"self":[{"href":"http:\/\/grasso-lasalle.com\/web\/wp-json\/wp\/v2\/pages\/946"}],"collection":[{"href":"http:\/\/grasso-lasalle.com\/web\/wp-json\/wp\/v2\/pages"}],"about":[{"href":"http:\/\/grasso-lasalle.com\/web\/wp-json\/wp\/v2\/types\/page"}],"author":[{"embeddable":true,"href":"http:\/\/grasso-lasalle.com\/web\/wp-json\/wp\/v2\/users\/1"}],"replies":[{"embeddable":true,"href":"http:\/\/grasso-lasalle.com\/web\/wp-json\/wp\/v2\/comments?post=946"}],"version-history":[{"count":217,"href":"http:\/\/grasso-lasalle.com\/web\/wp-json\/wp\/v2\/pages\/946\/revisions"}],"predecessor-version":[{"id":1391,"href":"http:\/\/grasso-lasalle.com\/web\/wp-json\/wp\/v2\/pages\/946\/revisions\/1391"}],"wp:attachment":[{"href":"http:\/\/grasso-lasalle.com\/web\/wp-json\/wp\/v2\/media?parent=946"}],"curies":[{"name":"wp","href":"https:\/\/api.w.org\/{rel}","templated":true}]}}